{"id":26,"date":"2025-02-16T17:07:06","date_gmt":"2025-02-16T17:07:06","guid":{"rendered":"https:\/\/josefrohregger.com\/home\/"},"modified":"2025-02-19T08:53:30","modified_gmt":"2025-02-19T08:53:30","slug":"home","status":"publish","type":"page","link":"https:\/\/josefrohregger.com\/","title":{"rendered":""},"content":{"rendered":"\n<div class=\"wp-block-group alignfull has-tertiary-background-color has-background has-global-padding is-layout-constrained wp-container-core-group-is-layout-28549256 wp-block-group-is-layout-constrained\" id=\"about\" style=\"margin-top:0;margin-bottom:0;padding-top:var(--wp--preset--spacing--60);padding-right:var(--wp--preset--spacing--30);padding-bottom:var(--wp--preset--spacing--60);padding-left:var(--wp--preset--spacing--30)\">\n<div class=\"wp-block-group alignwide has-global-padding is-layout-constrained wp-block-group-is-layout-constrained\">\n<div class=\"wp-block-group alignwide has-global-padding is-layout-constrained wp-block-group-is-layout-constrained\">\n<div class=\"wp-block-columns alignwide is-layout-flex wp-container-core-columns-is-layout-ec936cbb wp-block-columns-is-layout-flex\" style=\"margin-top:0;margin-bottom:0;padding-top:0;padding-right:var(--wp--preset--spacing--20);padding-bottom:0;padding-left:var(--wp--preset--spacing--20)\">\n<div class=\"wp-block-column is-layout-flow wp-container-core-column-is-layout-119bc444 wp-block-column-is-layout-flow\" style=\"flex-basis:50%\">\n<h2 class=\"wp-block-heading\">\u00dcber mich<\/h2>\n\n\n\n<p class=\"has-medium-font-size\" style=\"margin-top:16px\">Ich bin Meteorologe und Innovationsexperte. Seit mehr als 15 Jahren begleite ich Unternehmen und darf in unterschiedlichen Rollen wirksam sein:<\/p>\n\n\n\n<ul class=\"wp-block-list\">\n<li>Speaker bei Veranstaltungen &#8211; von der Strategieklausur bis zur Kundenveranstaltung mit mehr als 1.000 G\u00e4sten<\/li>\n\n\n\n<li>Partner f\u00fcr Zukunfts- und Innovationsarbeit<\/li>\n\n\n\n<li>Workshops f\u00fcr Teams und Gro\u00dfgruppen &#8211; Zusammenarbeit, Werte und Strategie.<\/li>\n\n\n\n<li>Zukunftsworkshops f\u00fcr Unternehmen<\/li>\n\n\n\n<li>1:1 Beratung f\u00fcr neue Gesch\u00e4ftsmodelle<\/li>\n\n\n\n<li>Gesch\u00e4ftsmodell Bauernhof: <a href=\"https:\/\/zukunft.farm\/\">www.zukunft.farm<\/a><\/li>\n<\/ul>\n\n\n\n<p class=\"has-medium-font-size\" style=\"margin-top:16px\">Auch ohne Auftrag bin ich Ehemann und Papa und sehr gerne als &#8222;Gelegenheitsbauer&#8220; am Traktor oder im Stall aktiv.<\/p>\n<\/div>\n\n\n\n<div class=\"wp-block-column is-vertically-aligned-center is-layout-flow wp-block-column-is-layout-flow\" style=\"flex-basis:50%\">\n<figure class=\"wp-block-image size-large\"><img loading=\"lazy\" decoding=\"async\" width=\"1024\" height=\"683\" src=\"https:\/\/josefrohregger.com\/wp-content\/uploads\/2025\/02\/\u00a9AMT-Die-Fotografen_IFO0298-1024x683.jpg\" alt=\"\" class=\"wp-image-68\" srcset=\"https:\/\/josefrohregger.com\/wp-content\/uploads\/2025\/02\/\u00a9AMT-Die-Fotografen_IFO0298-1024x683.jpg 1024w, https:\/\/josefrohregger.com\/wp-content\/uploads\/2025\/02\/\u00a9AMT-Die-Fotografen_IFO0298-300x200.jpg 300w, https:\/\/josefrohregger.com\/wp-content\/uploads\/2025\/02\/\u00a9AMT-Die-Fotografen_IFO0298-768x512.jpg 768w, https:\/\/josefrohregger.com\/wp-content\/uploads\/2025\/02\/\u00a9AMT-Die-Fotografen_IFO0298-1536x1024.jpg 1536w, https:\/\/josefrohregger.com\/wp-content\/uploads\/2025\/02\/\u00a9AMT-Die-Fotografen_IFO0298-2048x1365.jpg 2048w, https:\/\/josefrohregger.com\/wp-content\/uploads\/2025\/02\/\u00a9AMT-Die-Fotografen_IFO0298-600x400.jpg 600w\" sizes=\"auto, (max-width: 1024px) 100vw, 1024px\" \/><figcaption class=\"wp-element-caption\">\u00a9AMT Die Fotografen<\/figcaption><\/figure>\n<\/div>\n<\/div>\n<\/div>\n<\/div>\n\n\n\n<div class=\"wp-block-cover alignwide\" style=\"border-radius:1.5rem;min-height:30vh;aspect-ratio:unset;\"><span aria-hidden=\"true\" class=\"wp-block-cover__background has-background-dim-0 has-background-dim\" style=\"background-color:#628c4b\"><\/span><img loading=\"lazy\" decoding=\"async\" width=\"1500\" height=\"1000\" class=\"wp-block-cover__image-background wp-image-85\" alt=\"Raiffeisen\" src=\"https:\/\/josefrohregger.com\/wp-content\/uploads\/2025\/02\/photoworkers.at_01150.jpg\" style=\"object-position:58% 90%\" data-object-fit=\"cover\" data-object-position=\"58% 90%\" srcset=\"https:\/\/josefrohregger.com\/wp-content\/uploads\/2025\/02\/photoworkers.at_01150.jpg 1500w, https:\/\/josefrohregger.com\/wp-content\/uploads\/2025\/02\/photoworkers.at_01150-300x200.jpg 300w, https:\/\/josefrohregger.com\/wp-content\/uploads\/2025\/02\/photoworkers.at_01150-1024x683.jpg 1024w, https:\/\/josefrohregger.com\/wp-content\/uploads\/2025\/02\/photoworkers.at_01150-768x512.jpg 768w, https:\/\/josefrohregger.com\/wp-content\/uploads\/2025\/02\/photoworkers.at_01150-600x400.jpg 600w\" sizes=\"auto, (max-width: 1500px) 100vw, 1500px\" \/><div class=\"wp-block-cover__inner-container is-layout-flow wp-block-cover-is-layout-flow\">\n<p class=\"has-text-align-center has-large-font-size\"><\/p>\n<\/div><\/div>\n<\/div>\n\n\n\n<div class=\"wp-block-group alignfull has-background-background-color has-background has-global-padding is-layout-constrained wp-container-core-group-is-layout-68d5e5bb wp-block-group-is-layout-constrained\" id=\"features\" style=\"margin-top:0;margin-bottom:0;padding-top:var(--wp--preset--spacing--50);padding-right:var(--wp--preset--spacing--30);padding-bottom:var(--wp--preset--spacing--60);padding-left:var(--wp--preset--spacing--30)\">\n<div class=\"wp-block-group alignwide is-vertical is-layout-flex wp-container-core-group-is-layout-fe9cc265 wp-block-group-is-layout-flex\">\n<div class=\"wp-block-group alignwide has-global-padding is-content-justification-left is-layout-constrained wp-container-core-group-is-layout-12dd3699 wp-block-group-is-layout-constrained\">\n<h2 class=\"wp-block-heading has-large-font-size\" style=\"margin-top:12px\">Speaker<\/h2>\n\n\n\n<p style=\"margin-top:16px\">Der Ver\u00e4nderungsdruck auf Unternehmen und Menschen ist riesig. Neue Technologien, der Klimawandel, neue Arbeitsweisen und Organisationsformen verlangen Anpassung und Ver\u00e4nderung. Werte sind dabei der Grundstein f\u00fcr eine gelungene Transformation. Widerstand gegen Innovation ist dabei normal und sogar notwendig, allerdings wird diese scheinbare L\u00f6sung schnell zum Problem.<\/p>\n\n\n\n<p style=\"margin-top:16px\">Als Keynote-Speaker auf gro\u00dfen Events oder als Begleiter bei Klausuren oder internen Veranstaltungen schaffe ich Momente der Erkenntnis und bringe Menschen ins Tun &#8211; kompetent und unterhaltsam.<\/p>\n<\/div>\n<\/div>\n\n\n\n<div class=\"wp-block-columns alignwide is-layout-flex wp-container-core-columns-is-layout-28f84493 wp-block-columns-is-layout-flex\">\n<div class=\"wp-block-column is-vertically-aligned-stretch is-layout-flow wp-block-column-is-layout-flow\" style=\"flex-basis:66.66%\">\n<div class=\"wp-block-columns is-layout-flex wp-container-core-columns-is-layout-28f84493 wp-block-columns-is-layout-flex\">\n<div class=\"wp-block-column is-layout-flow wp-block-column-is-layout-flow\">\n<div class=\"wp-block-group has-tertiary-background-color has-background has-global-padding is-layout-constrained wp-container-core-group-is-layout-d299574f wp-block-group-is-layout-constrained\" style=\"border-radius:0.5rem;min-height:100%;padding-top:var(--wp--preset--spacing--30);padding-right:var(--wp--preset--spacing--30);padding-bottom:var(--wp--preset--spacing--30);padding-left:var(--wp--preset--spacing--30)\">\n<h3 class=\"wp-block-heading has-medium-font-size\" style=\"line-height:1.5\"><strong>Nachhaltigkeit als Chance f\u00fcr neue Gesch\u00e4ftsmodelle<\/strong><\/h3>\n\n\n\n<p class=\"has-small-font-size\" style=\"margin-top:8px\">Wenig ist so sicher wie der Bedarf an neuen nachhaltigen Produkten und Dienstleistungen. Es gibt unz\u00e4hlige erfolgreiche Beispiele. Unternehmen d\u00fcrfen diese Chancen erkennen und wirtschaftlich verwerten!<\/p>\n\n\n\n<figure class=\"wp-block-image size-large has-custom-border is-style-default\"><img loading=\"lazy\" decoding=\"async\" width=\"683\" height=\"1024\" src=\"https:\/\/josefrohregger.com\/wp-content\/uploads\/2025\/02\/\u00a9AMT-Die-Fotografen_IFO0338-683x1024.jpg\" alt=\"\u00a9AMT Die Fotografen\" class=\"wp-image-90\" style=\"border-radius:0.5rem;aspect-ratio:1;object-fit:cover\" srcset=\"https:\/\/josefrohregger.com\/wp-content\/uploads\/2025\/02\/\u00a9AMT-Die-Fotografen_IFO0338-683x1024.jpg 683w, https:\/\/josefrohregger.com\/wp-content\/uploads\/2025\/02\/\u00a9AMT-Die-Fotografen_IFO0338-200x300.jpg 200w, https:\/\/josefrohregger.com\/wp-content\/uploads\/2025\/02\/\u00a9AMT-Die-Fotografen_IFO0338-768x1152.jpg 768w, https:\/\/josefrohregger.com\/wp-content\/uploads\/2025\/02\/\u00a9AMT-Die-Fotografen_IFO0338-1024x1536.jpg 1024w, https:\/\/josefrohregger.com\/wp-content\/uploads\/2025\/02\/\u00a9AMT-Die-Fotografen_IFO0338-1365x2048.jpg 1365w, https:\/\/josefrohregger.com\/wp-content\/uploads\/2025\/02\/\u00a9AMT-Die-Fotografen_IFO0338-600x900.jpg 600w, https:\/\/josefrohregger.com\/wp-content\/uploads\/2025\/02\/\u00a9AMT-Die-Fotografen_IFO0338-scaled.jpg 1707w\" sizes=\"auto, (max-width: 683px) 100vw, 683px\" \/><figcaption class=\"wp-element-caption\">\u00a9AMT Die Fotografen<\/figcaption><\/figure>\n<\/div>\n\n\n\n<h3 class=\"wp-block-heading has-medium-font-size\" style=\"line-height:1.5\"><strong>Zukunft der Landwirtschaft<\/strong><\/h3>\n<\/div>\n\n\n\n<div class=\"wp-block-column is-layout-flow wp-block-column-is-layout-flow\">\n<div class=\"wp-block-group has-global-padding is-layout-constrained wp-container-core-group-is-layout-a35945ca wp-block-group-is-layout-constrained\" style=\"border-radius:0.5rem;padding-top:var(--wp--preset--spacing--30);padding-right:var(--wp--preset--spacing--30);padding-bottom:var(--wp--preset--spacing--30);padding-left:var(--wp--preset--spacing--30)\">\n<h3 class=\"wp-block-heading has-medium-font-size\" style=\"line-height:1.5\"><strong>Werte als Basis der Wertsch\u00f6pfung<\/strong><\/h3>\n\n\n\n<p class=\"has-small-font-size\" style=\"margin-top:8px\">Was Organisationen zusammenh\u00e4lt und im besten Fall auch antreibt, ist eine gemeinsame Vorstellung des W\u00fcnschenswerten &#8211; Werte.<br>Dar\u00fcber sollten wir reden, wenn wir Ver\u00e4nderung oder Innovation erleben wollen. Was das mit Klopapier zu tun hat, erf\u00e4hrt man hier \ud83d\ude42<\/p>\n<\/div>\n\n\n\n<div class=\"wp-block-group has-tertiary-background-color has-background has-global-padding is-layout-constrained wp-container-core-group-is-layout-d299574f wp-block-group-is-layout-constrained\" style=\"border-radius:0.5rem;min-height:100%;padding-top:var(--wp--preset--spacing--30);padding-right:var(--wp--preset--spacing--30);padding-bottom:var(--wp--preset--spacing--30);padding-left:var(--wp--preset--spacing--30)\">\n<h3 class=\"wp-block-heading has-medium-font-size\" style=\"line-height:1.5\"><strong>Klimawandel<\/strong><\/h3>\n\n\n\n<p class=\"has-small-font-size\" style=\"margin-top:8px\">Was ist Fakt und was ist Fake? Kompetent, nachvollziehbar und verst\u00e4ndlich tauchen wir ein in die Hintergr\u00fcnde des Klimawandels. Die Grundlage, um ins Handeln zu kommen und Organisationen zukunftssicher aufzustellen.<\/p>\n<\/div>\n<\/div>\n<\/div>\n\n\n\n<div class=\"wp-block-columns has-tertiary-background-color has-background is-layout-flex wp-container-core-columns-is-layout-7ee115f0 wp-block-columns-is-layout-flex\" style=\"border-radius:0.5rem;padding-top:0;padding-right:0;padding-bottom:0;padding-left:0\">\n<div class=\"wp-block-column is-vertically-aligned-top is-layout-flow wp-block-column-is-layout-flow\"><\/div>\n<\/div>\n\n\n\n<p><\/p>\n\n\n\n<p class=\"has-small-font-size\" style=\"margin-top:8px\">Kaum eine  Branche ist st\u00e4rker vom gesellschaftlichen Wandel, technologischen Ver\u00e4nderungen, klimatischen Verwerfungen und regulatorischen Vorgaben betroffen als die Landwirtschaft. Wohin geht die Reise, wie passiert dieser Wandel und was hei\u00dft das f\u00fcr mich als LandwirtIn, LohnunternehmerIn oder LebensmittelverarbeiterIn?.<\/p>\n<\/div>\n\n\n\n<div class=\"wp-block-column is-vertically-aligned-stretch is-layout-flow wp-block-column-is-layout-flow\" style=\"flex-basis:33.33%\">\n<div class=\"wp-block-group has-tertiary-background-color has-background has-global-padding is-layout-constrained wp-container-core-group-is-layout-8f6f1862 wp-block-group-is-layout-constrained\" style=\"border-radius:0.5rem;min-height:100%;margin-top:0;margin-bottom:0;padding-top:0;padding-right:0;padding-bottom:0;padding-left:0\">\n<figure class=\"wp-block-image size-large is-resized has-custom-border wp-duotone-unset-1\"><img loading=\"lazy\" decoding=\"async\" width=\"682\" height=\"1024\" src=\"https:\/\/josefrohregger.com\/wp-content\/uploads\/2025\/02\/JosefRohreger_cr_credits-Raiffeisen-682x1024.jpg\" alt=\"Raiffeisen\" class=\"wp-image-89\" style=\"border-radius:0.5rem;width:220px;height:auto\" srcset=\"https:\/\/josefrohregger.com\/wp-content\/uploads\/2025\/02\/JosefRohreger_cr_credits-Raiffeisen-682x1024.jpg 682w, https:\/\/josefrohregger.com\/wp-content\/uploads\/2025\/02\/JosefRohreger_cr_credits-Raiffeisen-200x300.jpg 200w, https:\/\/josefrohregger.com\/wp-content\/uploads\/2025\/02\/JosefRohreger_cr_credits-Raiffeisen-768x1153.jpg 768w, https:\/\/josefrohregger.com\/wp-content\/uploads\/2025\/02\/JosefRohreger_cr_credits-Raiffeisen-600x901.jpg 600w, https:\/\/josefrohregger.com\/wp-content\/uploads\/2025\/02\/JosefRohreger_cr_credits-Raiffeisen.jpg 882w\" sizes=\"auto, (max-width: 682px) 100vw, 682px\" \/><figcaption class=\"wp-element-caption\">Raiffeisen<\/figcaption><\/figure>\n\n\n\n<div class=\"wp-block-group has-global-padding is-layout-constrained wp-container-core-group-is-layout-80fb368b wp-block-group-is-layout-constrained\" style=\"padding-top:var(--wp--preset--spacing--30);padding-right:var(--wp--preset--spacing--30);padding-bottom:var(--wp--preset--spacing--30);padding-left:var(--wp--preset--spacing--30)\">\n<h3 class=\"wp-block-heading has-medium-font-size\" style=\"line-height:1.5\"><strong>Wettervorhersage<\/strong><\/h3>\n\n\n\n<p class=\"has-small-font-size\" style=\"margin-top:8px\">Mit kostenlosen Wetterdaten aus dem Internet belastbare Prognosen f\u00fcr die wirtschaftliche Nutzung erhalten. Kurzweilig und direkt anwendbar.<\/p>\n<\/div>\n\n\n\n<div class=\"wp-block-group has-global-padding is-layout-constrained wp-container-core-group-is-layout-80fb368b wp-block-group-is-layout-constrained\" style=\"padding-top:var(--wp--preset--spacing--30);padding-right:var(--wp--preset--spacing--30);padding-bottom:var(--wp--preset--spacing--30);padding-left:var(--wp--preset--spacing--30)\">\n<h3 class=\"wp-block-heading has-medium-font-size\" style=\"line-height:1.5\"><strong>Gesch\u00e4ftsmodelle Bauernhof<\/strong><\/h3>\n\n\n\n<p class=\"has-small-font-size\" style=\"margin-top:8px\">&#8222;Gibt es eine Zukunft f\u00fcr meinen landwirtschaftlichen Betrieb?&#8220;. Ganz klar, JA!<br>Finde das passende Gesch\u00e4ftsmodell f\u00fcr dich und deinen Betrieb. <br>Josef Rohregger macht hier seine jahrelange Erfahrungen als Innovator in unterschiedlichen Industrien f\u00fcr jeden Bauernhof nutzbar. <\/p>\n<\/div>\n<\/div>\n<\/div>\n<\/div>\n<\/div>\n\n\n\n<div class=\"wp-block-group alignfull has-tertiary-background-color has-background has-global-padding is-layout-constrained wp-container-core-group-is-layout-254d6575 wp-block-group-is-layout-constrained\" id=\"testimonials\" style=\"margin-top:0;margin-bottom:0;padding-top:var(--wp--preset--spacing--60);padding-right:var(--wp--preset--spacing--30);padding-bottom:var(--wp--preset--spacing--60);padding-left:var(--wp--preset--spacing--30)\">\n<div class=\"wp-block-group alignwide has-global-padding is-content-justification-center is-layout-constrained wp-block-group-is-layout-constrained\" style=\"margin-bottom:var(--wp--preset--spacing--50)\">\n<h2 class=\"wp-block-heading has-text-align-center\">Innovator<\/h2>\n\n\n\n<blockquote class=\"wp-block-quote is-style-default has-small-font-size is-layout-flow wp-block-quote-is-layout-flow\" style=\"padding-top:var(--wp--preset--spacing--10);padding-bottom:var(--wp--preset--spacing--10)\">\n<p class=\"has-text-align-center has-medium-font-size\" style=\"margin-top:16px\">&#8222;Wenn Sie nicht hin und wieder versagen, ist das ein Zeichen daf\u00fcr, dass Sie nichts sehr Innovatives tun\u201c<br>Woody Allen<\/p>\n<\/blockquote>\n\n\n\n<div class=\"wp-block-group is-nowrap is-layout-flex wp-container-core-group-is-layout-6c531013 wp-block-group-is-layout-flex\">\n<p class=\"has-text-align-left has-medium-font-size\" style=\"margin-top:16px\">Scheitern ist keine Notwendigkeit, aber ein zu erwartender Begleiter f\u00fcr jeden der Innovation betreibt.<\/p>\n<\/div>\n\n\n\n<div class=\"wp-block-group is-nowrap is-layout-flex wp-container-core-group-is-layout-6c531013 wp-block-group-is-layout-flex\">\n<figure class=\"wp-block-image size-large\"><img loading=\"lazy\" decoding=\"async\" width=\"1024\" height=\"683\" src=\"https:\/\/josefrohregger.com\/wp-content\/uploads\/2025\/02\/RWA_AIL_202310_322_2SB08679-1024x683.jpg\" alt=\"\" class=\"wp-image-138\" srcset=\"https:\/\/josefrohregger.com\/wp-content\/uploads\/2025\/02\/RWA_AIL_202310_322_2SB08679-1024x683.jpg 1024w, https:\/\/josefrohregger.com\/wp-content\/uploads\/2025\/02\/RWA_AIL_202310_322_2SB08679-300x200.jpg 300w, https:\/\/josefrohregger.com\/wp-content\/uploads\/2025\/02\/RWA_AIL_202310_322_2SB08679-768x512.jpg 768w, https:\/\/josefrohregger.com\/wp-content\/uploads\/2025\/02\/RWA_AIL_202310_322_2SB08679-1536x1024.jpg 1536w, https:\/\/josefrohregger.com\/wp-content\/uploads\/2025\/02\/RWA_AIL_202310_322_2SB08679-2048x1365.jpg 2048w, https:\/\/josefrohregger.com\/wp-content\/uploads\/2025\/02\/RWA_AIL_202310_322_2SB08679-600x400.jpg 600w\" sizes=\"auto, (max-width: 1024px) 100vw, 1024px\" \/><\/figure>\n\n\n\n<p>Ich habe mich schon an vielem versucht und bin dabei auch solide gescheitert. Sei es www.traktoro.net, eine Suchmaschine f\u00fcr gebrauchte Landtechnik, oder der Versuch, mit meteorologischer Unternehmensberatung zu re\u00fcssieren bis hin zur Gr\u00fcndung der ersten b\u00e4uerlichen Innovationsgenossenschaft der Welt.<\/p>\n<\/div>\n\n\n\n<p>Neue L\u00f6sungen f\u00fcr relevante Probleme zu finden, das treibt mich an und da bin ich gerne vorne mit dabei. Mit langj\u00e4hriger Erfahrung, erprobten Methoden und viel Empathie k\u00f6nnen gemeinsam neue Wege beschritten werden. Am besten, wir unterhalten uns einmal! <br><em>mail@josefrohregger.com<\/em><\/p>\n<\/div>\n<\/div>\n\n\n\n<div class=\"wp-block-group alignfull has-background-background-color has-background has-global-padding is-layout-constrained wp-container-core-group-is-layout-7276a2bb wp-block-group-is-layout-constrained\" id=\"quote\" style=\"margin-top:0;margin-bottom:0;padding-top:var(--wp--preset--spacing--60);padding-right:var(--wp--preset--spacing--30);padding-bottom:var(--wp--preset--spacing--60);padding-left:var(--wp--preset--spacing--30)\">\n<div class=\"wp-block-columns alignwide are-vertically-aligned-center has-tertiary-background-color has-background is-layout-flex wp-container-core-columns-is-layout-5b7437cc wp-block-columns-is-layout-flex\" style=\"border-radius:1.5rem;padding-top:var(--wp--preset--spacing--40);padding-right:var(--wp--preset--spacing--40);padding-bottom:var(--wp--preset--spacing--40);padding-left:var(--wp--preset--spacing--40)\">\n<div class=\"wp-block-column is-vertically-aligned-center is-layout-flow wp-block-column-is-layout-flow\" style=\"flex-basis:55%\">\n<h2 class=\"wp-block-heading\">Meteorologe<\/h2>\n\n\n\n<p class=\"has-medium-font-size\" style=\"margin-top:16px\">Das Studium der Meteorologie war der Startpunkt. Inhalte verst\u00e4ndlich aufzubereiten und wirksam zu kommunizieren, wurde zu meiner Leidenschaft. Das Wetter eignet sich da hervorragend als Anwendungsgebiet.<\/p>\n\n\n\n<p>Der Klimawandel als treibende Kraft f\u00fcr Innovation ist die Br\u00fccke zwischen dem Innovator und dem Meteorologen Josef.<\/p>\n<\/div>\n\n\n\n<div class=\"wp-block-column is-vertically-aligned-center is-layout-flow wp-block-column-is-layout-flow\">\n<figure class=\"wp-block-image size-large has-custom-border\"><img loading=\"lazy\" decoding=\"async\" width=\"1024\" height=\"682\" src=\"https:\/\/josefrohregger.com\/wp-content\/uploads\/2025\/02\/Smart-Alps-\u00a9-Udo-Mittelberger-89-1024x682.jpg\" alt=\"\" class=\"wp-image-83\" style=\"border-radius:1.5rem;aspect-ratio:1;object-fit:cover\" srcset=\"https:\/\/josefrohregger.com\/wp-content\/uploads\/2025\/02\/Smart-Alps-\u00a9-Udo-Mittelberger-89-1024x682.jpg 1024w, https:\/\/josefrohregger.com\/wp-content\/uploads\/2025\/02\/Smart-Alps-\u00a9-Udo-Mittelberger-89-300x200.jpg 300w, https:\/\/josefrohregger.com\/wp-content\/uploads\/2025\/02\/Smart-Alps-\u00a9-Udo-Mittelberger-89-768x512.jpg 768w, https:\/\/josefrohregger.com\/wp-content\/uploads\/2025\/02\/Smart-Alps-\u00a9-Udo-Mittelberger-89-1536x1023.jpg 1536w, https:\/\/josefrohregger.com\/wp-content\/uploads\/2025\/02\/Smart-Alps-\u00a9-Udo-Mittelberger-89-2048x1364.jpg 2048w, https:\/\/josefrohregger.com\/wp-content\/uploads\/2025\/02\/Smart-Alps-\u00a9-Udo-Mittelberger-89-600x400.jpg 600w\" sizes=\"auto, (max-width: 1024px) 100vw, 1024px\" \/><figcaption class=\"wp-element-caption\">\u00a9 Udo Mittelberger<\/figcaption><\/figure>\n<\/div>\n<\/div>\n<\/div>\n\n\n\n<div class=\"wp-block-group alignfull has-tertiary-background-color has-background has-global-padding is-layout-constrained wp-container-core-group-is-layout-7276a2bb wp-block-group-is-layout-constrained\" id=\"services\" style=\"margin-top:0;margin-bottom:0;padding-top:var(--wp--preset--spacing--60);padding-right:var(--wp--preset--spacing--30);padding-bottom:var(--wp--preset--spacing--60);padding-left:var(--wp--preset--spacing--30)\">\n<div class=\"wp-block-group alignwide has-global-padding is-content-justification-center is-layout-constrained wp-block-group-is-layout-constrained\">\n<h2 class=\"wp-block-heading has-text-align-center\">Referenzen<\/h2>\n\n\n\n<p class=\"has-text-align-center has-medium-font-size\" style=\"margin-top:16px\">AgroChron GmbH<br>Absolventenverband LFS Schlierbach<br>Agrarmarketing Tirol GmbH<br>Bauernbund \u00d6sterreich<br>B\u00e4uerlicher Waldbesitzerverband<br>Bauakademie Salzburg<br>Bauakademie Ober\u00f6sterreich<br>Bauernnetzwerk.at<br>BLU Bundesverband Lohnunternehmen E.V.<br>Fachhochschule Ober\u00f6sterreich<br>FAIE Handelsgesellschaft mit beschr\u00e4nkter Haftung<br>GW\u00d6 \u2013 Gefl\u00fcgelwirtschaft \u00d6sterreich<br>Hochschule f\u00fcr Agrar- und Umweltp\u00e4dagogik<br>Kinderfreunde Wien<br>Junge Landwirtschaft \u00d6sterreich<br>LFI L\u00e4ndliches Fortbildungsinstitut<br>LK O\u00d6 diverse Arbeitskreise<br>Landwirtschaftskammer \u00d6sterreich<br>Landwirtschaftliche Lehranstalt Triesdrof<br>Lokale Energieagentur<br>Ober\u00f6sterreichische Zivilschutzverband<br>Private Banking Granitland<br>Podcast &#8222;Mein Hof \u2013 Mein Weg&#8220;<br>Podcast &#8222;Land schafft Leben&#8220;<br>Messe Dornbirn \u2013 Smart ALPS<br>Nahw\u00e4rmegenossenschaft Aschach a.d. Steyr<br>\u00d6sterreichische Hagelversicherung<br>Raiffeisen Landesbank Steiermark#<br>Regierung Mittelfranken<br>Rinderzuchtverband Burgenland<br>RWA Raiffeisen Ware Austria AG<br>Waldwirtschaftsgemeinschaft<\/p>\n\n\n\n<p class=\"has-text-align-center has-medium-font-size\" style=\"margin-top:16px\"><\/p>\n<\/div>\n<\/div>\n\n\n\n<div class=\"wp-block-group alignfull has-background-background-color has-background has-global-padding is-layout-constrained wp-container-core-group-is-layout-254d6575 wp-block-group-is-layout-constrained\" id=\"contact\" style=\"margin-top:0;margin-bottom:0;padding-top:var(--wp--preset--spacing--60);padding-right:var(--wp--preset--spacing--30);padding-bottom:var(--wp--preset--spacing--60);padding-left:var(--wp--preset--spacing--30)\">\n<div class=\"wp-block-group alignwide has-tertiary-background-color has-background has-global-padding is-layout-constrained wp-container-core-group-is-layout-52009084 wp-block-group-is-layout-constrained\" style=\"border-radius:1.5rem;padding-top:var(--wp--preset--spacing--40);padding-right:var(--wp--preset--spacing--40);padding-bottom:var(--wp--preset--spacing--40);padding-left:var(--wp--preset--spacing--40)\">\n<h2 class=\"wp-block-heading has-text-align-center\" id=\"contact\">Kontakt<\/h2>\n\n\n\n<p class=\"has-text-align-center\">Mag. Josef Rohregger MBA<\/p>\n\n\n\n<p class=\"has-text-align-center has-small-font-size\" style=\"margin-top:8px\">mail@josefrohregger.com<\/p>\n\n\n\n<p><\/p>\n<\/div>\n<\/div>\n\n\n\n<p><\/p>\n","protected":false},"excerpt":{"rendered":"<p>\u00dcber mich Ich bin Meteorologe und Innovationsexperte. Seit mehr als 15 Jahren begleite ich Unternehmen und darf in unterschiedlichen Rollen wirksam sein: Auch ohne Auftrag bin ich Ehemann und Papa und sehr gerne als &#8222;Gelegenheitsbauer&#8220; am Traktor oder im Stall aktiv. Speaker Der Ver\u00e4nderungsdruck auf Unternehmen und Menschen ist riesig. Neue Technologien, der Klimawandel, neue [&hellip;]<\/p>\n","protected":false},"author":1,"featured_media":68,"parent":0,"menu_order":0,"comment_status":"closed","ping_status":"closed","template":"","meta":{"footnotes":""},"class_list":["post-26","page","type-page","status-publish","has-post-thumbnail","hentry"],"_links":{"self":[{"href":"https:\/\/josefrohregger.com\/index.php?rest_route=\/wp\/v2\/pages\/26","targetHints":{"allow":["GET"]}}],"collection":[{"href":"https:\/\/josefrohregger.com\/index.php?rest_route=\/wp\/v2\/pages"}],"about":[{"href":"https:\/\/josefrohregger.com\/index.php?rest_route=\/wp\/v2\/types\/page"}],"author":[{"embeddable":true,"href":"https:\/\/josefrohregger.com\/index.php?rest_route=\/wp\/v2\/users\/1"}],"replies":[{"embeddable":true,"href":"https:\/\/josefrohregger.com\/index.php?rest_route=%2Fwp%2Fv2%2Fcomments&post=26"}],"version-history":[{"count":42,"href":"https:\/\/josefrohregger.com\/index.php?rest_route=\/wp\/v2\/pages\/26\/revisions"}],"predecessor-version":[{"id":122,"href":"https:\/\/josefrohregger.com\/index.php?rest_route=\/wp\/v2\/pages\/26\/revisions\/122"}],"wp:featuredmedia":[{"embeddable":true,"href":"https:\/\/josefrohregger.com\/index.php?rest_route=\/wp\/v2\/media\/68"}],"wp:attachment":[{"href":"https:\/\/josefrohregger.com\/index.php?rest_route=%2Fwp%2Fv2%2Fmedia&parent=26"}],"curies":[{"name":"wp","href":"https:\/\/api.w.org\/{rel}","templated":true}]}}